{"id":7,"date":"2018-07-18T12:11:08","date_gmt":"2018-07-18T09:11:08","guid":{"rendered":"http:\/\/aytekkundukgida.com\/demo\/demo\/?page_id=7"},"modified":"2020-10-09T00:29:24","modified_gmt":"2020-10-08T21:29:24","slug":"anasayfa","status":"publish","type":"page","link":"http:\/\/aytekkundukgida.com\/","title":{"rendered":""},"content":{"rendered":"<div id=\"pl-7\"  class=\"panel-layout\" ><div id=\"pg-7-0\"  class=\"panel-grid panel-has-style\" ><div class=\"siteorigin-panels-stretch panel-row-style panel-row-style-for-7-0\" data-stretch-type=\"full-stretched\" ><div id=\"pgc-7-0-0\"  class=\"panel-grid-cell\" ><div id=\"panel-7-0-0-0\" class=\"so-panel widget widget_sow-editor panel-first-child panel-last-child\" data-index=\"0\" ><div class=\"so-widget-sow-editor so-widget-sow-editor-base\">\n<div class=\"siteorigin-widget-tinymce textwidget\">\n\t<div style=\"display: none;\" class=\"crellyslider-slider crellyslider-slider-full-width crellyslider-slider-slayt crellyslider-1\" id=\"crellyslider-1\">\n<ul>\n<li\nstyle=\"\nbackground-color: transparent;\nbackground-image: url('http:\/\/aytekkundukgida.com\/wp-content\/uploads\/2020\/10\/ys1.jpg');\nbackground-position: center center;\nbackground-repeat: no-repeat;\nbackground-size: cover;\n\n\"\ndata-in=\"fadeRight\"\ndata-ease-in=\"1000\"\ndata-out=\"fadeRight\"\ndata-ease-out=\"1000\"\ndata-time=\"5000\"\n>\n<\/li>\n<li\nstyle=\"\nbackground-color: transparent;\nbackground-image: url('http:\/\/aytekkundukgida.com\/wp-content\/uploads\/2020\/10\/ys2.jpg');\nbackground-position: center center;\nbackground-repeat: no-repeat;\nbackground-size: cover;\n\n\"\ndata-in=\"fadeRight\"\ndata-ease-in=\"1000\"\ndata-out=\"slideLeft\"\ndata-ease-out=\"1000\"\ndata-time=\"5000\"\n>\n<img\nclass=\"\"\nsrc=\"\"\nalt=\"\"\nstyle=\"\nz-index: 1;\n\n\"\ndata-delay=\"0\"\ndata-ease-in=\"1300\"\ndata-ease-out=\"1300\"\ndata-in=\"fadeRight\"\ndata-out=\"fadeLeft\"\ndata-ignore-ease-out=\"0\"\ndata-top=\"153\"\ndata-left=\"225\"\ndata-time=\"all\"\n\/>\n<\/li>\n<li\nstyle=\"\nbackground-color: transparent;\nbackground-image: url('http:\/\/aytekkundukgida.com\/wp-content\/uploads\/2020\/10\/slta4.jpg');\nbackground-position: center center;\nbackground-repeat: no-repeat;\nbackground-size: cover;\n\n\"\ndata-in=\"fadeRight\"\ndata-ease-in=\"1000\"\ndata-out=\"fadeRight\"\ndata-ease-out=\"1000\"\ndata-time=\"5000\"\n>\n<\/li>\n<\/ul>\n<\/div>\n<script type=\"text\/javascript\">\n(function($) {\n$(document).ready(function() {\n$(\"#crellyslider-1\").crellySlider({\nlayout: 'full-width',\nresponsive: 1,\nstartWidth: 1600,\nstartHeight: 600,\nautomaticSlide: 1,\nshowControls: 1,\nshowNavigation: 1,\nenableSwipe: 1,\nshowProgressBar: 0,\npauseOnHover: 1,\nrandomOrder: 0,\nstartFromSlide: 0,\nbeforeStart : function() {},\nbeforeSetResponsive : function() {},\nbeforeSlideStart : function() {},\nbeforePause\t: function() {},\nbeforeResume : function() {},\n});\n});\n})(jQuery);\n<\/script>\n\n<\/div>\n<\/div><\/div><\/div><\/div><\/div><div id=\"pg-7-1\"  class=\"panel-grid panel-no-style\" ><div id=\"pgc-7-1-0\"  class=\"panel-grid-cell panel-grid-cell-empty\" ><\/div><div id=\"pgc-7-1-1\"  class=\"panel-grid-cell panel-grid-cell-mobile-last\" ><div id=\"panel-7-1-1-0\" class=\"so-panel widget widget_sow-editor panel-first-child panel-last-child\" data-index=\"1\" ><div class=\"so-widget-sow-editor so-widget-sow-editor-base\">\n<div class=\"siteorigin-widget-tinymce textwidget\">\n\t<h2 style=\"text-align: center;\"><span style=\"color: #008000;\"><strong>END\u00dcSTR\u0130YEL \u00dcR\u00dcNLER<\/strong><\/span><\/h2>\n<\/div>\n<\/div><\/div><\/div><div id=\"pgc-7-1-2\"  class=\"panel-grid-cell panel-grid-cell-empty\" ><\/div><\/div><div id=\"pg-7-2\"  class=\"panel-grid panel-has-style\" ><div class=\"panel-row-style panel-row-style-for-7-2\" ><div id=\"pgc-7-2-0\"  class=\"panel-grid-cell panel-grid-cell-empty\" ><\/div><div id=\"pgc-7-2-1\"  class=\"panel-grid-cell panel-grid-cell-mobile-last\" ><div id=\"panel-7-2-1-0\" class=\"so-panel widget widget_sow-editor panel-first-child panel-last-child\" data-index=\"2\" ><div class=\"so-widget-sow-editor so-widget-sow-editor-base\">\n<div class=\"siteorigin-widget-tinymce textwidget\">\n\t<div class=\"su-image-carousel  su-image-carousel-columns-4 su-image-carousel-has-spacing su-image-carousel-has-outline su-image-carousel-adaptive su-image-carousel-slides-style-default su-image-carousel-controls-style-dark su-image-carousel-align-none\" style=\"\" data-flickity-options='{\"groupCells\":true,\"cellSelector\":\".su-image-carousel-item\",\"adaptiveHeight\":true,\"cellAlign\":\"left\",\"prevNextButtons\":true,\"pageDots\":true,\"autoPlay\":5000,\"imagesLoaded\":true,\"contain\":false,\"selectedAttraction\":0.025,\"friction\":0.28}' id=\"su_image_carousel_69faf0d08e5c7\"><div class=\"su-image-carousel-item\"><div class=\"su-image-carousel-item-content\"><a href=\"http:\/\/aytekkundukgida.com\/index.php\/yogurt-tozu\/\" data-caption=\"Yo\u011furt Tozu\"><img width=\"250\" height=\"300\" src=\"http:\/\/aytekkundukgida.com\/wp-content\/uploads\/2020\/10\/yogurttozu.jpg\" class=\"\" alt=\"\" loading=\"lazy\" \/><span>Yo\u011furt Tozu<\/span><\/a><\/div><\/div><div class=\"su-image-carousel-item\"><div class=\"su-image-carousel-item-content\"><a href=\"http:\/\/aytekkundukgida.com\/index.php\/yayikaltisuyu-tozu\/\" data-caption=\"Yay\u0131kalt\u0131suyu Tozu\"><img width=\"250\" height=\"300\" src=\"http:\/\/aytekkundukgida.com\/wp-content\/uploads\/2020\/10\/yayikaltiyozu.jpg\" class=\"\" alt=\"\" loading=\"lazy\" \/><span>Yay\u0131kalt\u0131suyu Tozu<\/span><\/a><\/div><\/div><div class=\"su-image-carousel-item\"><div class=\"su-image-carousel-item-content\"><a href=\"http:\/\/aytekkundukgida.com\/index.php\/yagsiz-sut-tozu\/\" data-caption=\"Ya\u011fs\u0131z S\u00fct Tozu\"><img width=\"250\" height=\"300\" src=\"http:\/\/aytekkundukgida.com\/wp-content\/uploads\/2020\/10\/yagsizsuttozu.jpg\" class=\"\" alt=\"\" loading=\"lazy\" \/><span>Ya\u011fs\u0131z S\u00fct Tozu<\/span><\/a><\/div><\/div><div class=\"su-image-carousel-item\"><div class=\"su-image-carousel-item-content\"><a href=\"http:\/\/aytekkundukgida.com\/index.php\/tam-yagli-sut-tozu\/\" data-caption=\"Tam Ya\u011fl\u0131 S\u00fct Tozu\"><img width=\"250\" height=\"300\" src=\"http:\/\/aytekkundukgida.com\/wp-content\/uploads\/2020\/10\/yaglisuttozu.jpg\" class=\"\" alt=\"\" loading=\"lazy\" \/><span>Tam Ya\u011fl\u0131 S\u00fct Tozu<\/span><\/a><\/div><\/div><div class=\"su-image-carousel-item\"><div class=\"su-image-carousel-item-content\"><a href=\"http:\/\/aytekkundukgida.com\/index.php\/peynir-tozu\/\" data-caption=\"Peynir Tozu\"><img width=\"250\" height=\"300\" src=\"http:\/\/aytekkundukgida.com\/wp-content\/uploads\/2020\/10\/peynirtozu.jpg\" class=\"\" alt=\"\" loading=\"lazy\" \/><span>Peynir Tozu<\/span><\/a><\/div><\/div><div class=\"su-image-carousel-item\"><div class=\"su-image-carousel-item-content\"><a href=\"http:\/\/aytekkundukgida.com\/index.php\/demineralize-peyniraltisuyu-tozu\/\" data-caption=\"Demineralize Peyniralt\u0131suyu Tozu\"><img width=\"250\" height=\"300\" src=\"http:\/\/aytekkundukgida.com\/wp-content\/uploads\/2020\/10\/peynirtozuDTS.jpg\" class=\"\" alt=\"\" loading=\"lazy\" \/><span>Demineralize Peyniralt\u0131suyu Tozu<\/span><\/a><\/div><\/div><div class=\"su-image-carousel-item\"><div class=\"su-image-carousel-item-content\"><a href=\"http:\/\/aytekkundukgida.com\/index.php\/kazein\/\" data-caption=\"Kazein\"><img width=\"250\" height=\"300\" src=\"http:\/\/aytekkundukgida.com\/wp-content\/uploads\/2020\/10\/kazein.jpg\" class=\"\" alt=\"\" loading=\"lazy\" \/><span>Kazein<\/span><\/a><\/div><\/div><div class=\"su-image-carousel-item\"><div class=\"su-image-carousel-item-content\"><a href=\"http:\/\/aytekkundukgida.com\/index.php\/domates-tozu\/\" data-caption=\"Domates Tozu\"><img width=\"250\" height=\"300\" src=\"http:\/\/aytekkundukgida.com\/wp-content\/uploads\/2020\/10\/dmtz.jpg\" class=\"\" alt=\"\" loading=\"lazy\" \/><span>Domates Tozu<\/span><\/a><\/div><\/div><\/div><script id=\"su_image_carousel_69faf0d08e5c7_script\">if(window.SUImageCarousel){setTimeout(function() {window.SUImageCarousel.initGallery(document.getElementById(\"su_image_carousel_69faf0d08e5c7\"))}, 0);}var su_image_carousel_69faf0d08e5c7_script=document.getElementById(\"su_image_carousel_69faf0d08e5c7_script\");if(su_image_carousel_69faf0d08e5c7_script){su_image_carousel_69faf0d08e5c7_script.parentNode.removeChild(su_image_carousel_69faf0d08e5c7_script);}<\/script>\n<\/div>\n<\/div><\/div><\/div><div id=\"pgc-7-2-2\"  class=\"panel-grid-cell panel-grid-cell-empty\" ><\/div><\/div><\/div><div id=\"pg-7-3\"  class=\"panel-grid panel-no-style\" ><div id=\"pgc-7-3-0\"  class=\"panel-grid-cell panel-grid-cell-empty\" ><\/div><div id=\"pgc-7-3-1\"  class=\"panel-grid-cell panel-grid-cell-mobile-last\" ><div id=\"panel-7-3-1-0\" class=\"so-panel widget widget_sow-editor panel-first-child panel-last-child\" data-index=\"3\" ><div class=\"so-widget-sow-editor so-widget-sow-editor-base\">\n<div class=\"siteorigin-widget-tinymce textwidget\">\n\t<h2 style=\"text-align: center;\"><span style=\"color: #008000;\"><strong>SOYA \u00dcR\u00dcNLER\u0130<\/strong><\/span><\/h2>\n<\/div>\n<\/div><\/div><\/div><div id=\"pgc-7-3-2\"  class=\"panel-grid-cell panel-grid-cell-empty\" ><\/div><\/div><div id=\"pg-7-4\"  class=\"panel-grid panel-has-style\" ><div class=\"panel-row-style panel-row-style-for-7-4\" ><div id=\"pgc-7-4-0\"  class=\"panel-grid-cell panel-grid-cell-empty\" ><\/div><div id=\"pgc-7-4-1\"  class=\"panel-grid-cell\" ><div id=\"panel-7-4-1-0\" class=\"so-panel widget widget_sow-editor panel-first-child panel-last-child\" data-index=\"4\" ><div class=\"so-widget-sow-editor so-widget-sow-editor-base\">\n<div class=\"siteorigin-widget-tinymce textwidget\">\n\t<h4 style=\"text-align: center;\"><img loading=\"lazy\" class=\"alignnone size-full wp-image-559\" src=\"http:\/\/aytekkundukgida.com\/wp-content\/uploads\/2020\/10\/soyaunu.jpg\" alt=\"SOYA UNU\" width=\"1500\" height=\"1004\" srcset=\"http:\/\/aytekkundukgida.com\/wp-content\/uploads\/2020\/10\/soyaunu.jpg 1500w, http:\/\/aytekkundukgida.com\/wp-content\/uploads\/2020\/10\/soyaunu-300x201.jpg 300w, http:\/\/aytekkundukgida.com\/wp-content\/uploads\/2020\/10\/soyaunu-1024x685.jpg 1024w, http:\/\/aytekkundukgida.com\/wp-content\/uploads\/2020\/10\/soyaunu-768x514.jpg 768w, http:\/\/aytekkundukgida.com\/wp-content\/uploads\/2020\/10\/soyaunu-272x182.jpg 272w\" sizes=\"(max-width: 1500px) 100vw, 1500px\" \/> SOYA UNU<\/h4>\n<\/div>\n<\/div><\/div><\/div><div id=\"pgc-7-4-2\"  class=\"panel-grid-cell\" ><div id=\"panel-7-4-2-0\" class=\"so-panel widget widget_sow-editor panel-first-child panel-last-child\" data-index=\"5\" ><div class=\"so-widget-sow-editor so-widget-sow-editor-base\">\n<div class=\"siteorigin-widget-tinymce textwidget\">\n\t<h4 style=\"text-align: center;\"><img loading=\"lazy\" class=\"alignnone size-full wp-image-566\" src=\"http:\/\/aytekkundukgida.com\/wp-content\/uploads\/2020\/10\/soyakiymasi.jpg\" alt=\"\" width=\"1500\" height=\"1004\" srcset=\"http:\/\/aytekkundukgida.com\/wp-content\/uploads\/2020\/10\/soyakiymasi.jpg 1500w, http:\/\/aytekkundukgida.com\/wp-content\/uploads\/2020\/10\/soyakiymasi-300x201.jpg 300w, http:\/\/aytekkundukgida.com\/wp-content\/uploads\/2020\/10\/soyakiymasi-1024x685.jpg 1024w, http:\/\/aytekkundukgida.com\/wp-content\/uploads\/2020\/10\/soyakiymasi-768x514.jpg 768w, http:\/\/aytekkundukgida.com\/wp-content\/uploads\/2020\/10\/soyakiymasi-272x182.jpg 272w\" sizes=\"(max-width: 1500px) 100vw, 1500px\" \/>\u00a0SOYA KIYMASI<\/h4>\n<\/div>\n<\/div><\/div><\/div><div id=\"pgc-7-4-3\"  class=\"panel-grid-cell\" ><div id=\"panel-7-4-3-0\" class=\"so-panel widget widget_sow-editor panel-first-child panel-last-child\" data-index=\"6\" ><div class=\"so-widget-sow-editor so-widget-sow-editor-base\">\n<div class=\"siteorigin-widget-tinymce textwidget\">\n\t<h4 style=\"text-align: center;\"><img loading=\"lazy\" class=\"alignnone size-full wp-image-566\" src=\"http:\/\/aytekkundukgida.com\/wp-content\/uploads\/2020\/10\/kramelizesoyakiymasi.jpg\" alt=\"\" width=\"1500\" height=\"1004\" \/>KARAMEL\u0130ZE SOYA KIYMASI<\/h4>\n<\/div>\n<\/div><\/div><\/div><div id=\"pgc-7-4-4\"  class=\"panel-grid-cell panel-grid-cell-mobile-last\" ><div id=\"panel-7-4-4-0\" class=\"so-panel widget widget_sow-editor panel-first-child panel-last-child\" data-index=\"7\" ><div class=\"so-widget-sow-editor so-widget-sow-editor-base\">\n<div class=\"siteorigin-widget-tinymce textwidget\">\n\t<h4 style=\"text-align: center;\"><img loading=\"lazy\" class=\"alignnone size-full wp-image-566\" src=\"http:\/\/aytekkundukgida.com\/wp-content\/uploads\/2020\/10\/soyaeti.jpg\" alt=\"\" width=\"1500\" height=\"1004\" \/>\u00a0SOYA ET\u0130<\/h4>\n<\/div>\n<\/div><\/div><\/div><div id=\"pgc-7-4-5\"  class=\"panel-grid-cell panel-grid-cell-empty\" ><\/div><\/div><\/div><\/div>","protected":false},"excerpt":{"rendered":"<p>END\u00dcSTR\u0130YEL \u00dcR\u00dcNLER<\/p>\n","protected":false},"author":1,"featured_media":0,"parent":0,"menu_order":0,"comment_status":"closed","ping_status":"closed","template":"templates\/page-builder.php","meta":[],"_links":{"self":[{"href":"http:\/\/aytekkundukgida.com\/index.php\/wp-json\/wp\/v2\/pages\/7"}],"collection":[{"href":"http:\/\/aytekkundukgida.com\/index.php\/wp-json\/wp\/v2\/pages"}],"about":[{"href":"http:\/\/aytekkundukgida.com\/index.php\/wp-json\/wp\/v2\/types\/page"}],"author":[{"embeddable":true,"href":"http:\/\/aytekkundukgida.com\/index.php\/wp-json\/wp\/v2\/users\/1"}],"replies":[{"embeddable":true,"href":"http:\/\/aytekkundukgida.com\/index.php\/wp-json\/wp\/v2\/comments?post=7"}],"version-history":[{"count":108,"href":"http:\/\/aytekkundukgida.com\/index.php\/wp-json\/wp\/v2\/pages\/7\/revisions"}],"predecessor-version":[{"id":622,"href":"http:\/\/aytekkundukgida.com\/index.php\/wp-json\/wp\/v2\/pages\/7\/revisions\/622"}],"wp:attachment":[{"href":"http:\/\/aytekkundukgida.com\/index.php\/wp-json\/wp\/v2\/media?parent=7"}],"curies":[{"name":"wp","href":"https:\/\/api.w.org\/{rel}","templated":true}]}}