{"id":691,"date":"2024-10-20T21:49:34","date_gmt":"2024-10-20T18:49:34","guid":{"rendered":"http:\/\/aytekkundukgida.com\/?page_id=691"},"modified":"2024-10-20T21:49:34","modified_gmt":"2024-10-20T18:49:34","slug":"milkkar-yagli-sut-tozu","status":"publish","type":"page","link":"http:\/\/aytekkundukgida.com\/index.php\/milkkar-yagli-sut-tozu\/","title":{"rendered":"Milkkar Ya\u011fl\u0131 S\u00fct Tozu"},"content":{"rendered":"<div id=\"pl-691\"  class=\"panel-layout\" ><div id=\"pg-691-0\"  class=\"panel-grid panel-no-style\" ><div id=\"pgc-691-0-0\"  class=\"panel-grid-cell\" ><div id=\"panel-691-0-0-0\" class=\"so-panel widget widget_sow-editor panel-first-child panel-last-child\" data-index=\"0\" ><div class=\"so-widget-sow-editor so-widget-sow-editor-base\">\n<div class=\"siteorigin-widget-tinymce textwidget\">\n\t<p>&nbsp;<\/p>\n<p>&nbsp;<\/p>\n<p>&nbsp;<\/p>\n<\/div>\n<\/div><\/div><\/div><\/div><div id=\"pg-691-1\"  class=\"panel-grid panel-no-style\" ><div id=\"pgc-691-1-0\"  class=\"panel-grid-cell\" ><div id=\"panel-691-1-0-0\" class=\"so-panel widget widget_sow-editor panel-first-child panel-last-child\" data-index=\"1\" ><div class=\"so-widget-sow-editor so-widget-sow-editor-base\">\n<div class=\"siteorigin-widget-tinymce textwidget\">\n\t<p><img loading=\"lazy\" class=\"alignnone size-full wp-image-692\" src=\"http:\/\/aytekkundukgida.com\/wp-content\/uploads\/2024\/10\/milkar.jpg\" alt=\"\" width=\"600\" height=\"800\" srcset=\"http:\/\/aytekkundukgida.com\/wp-content\/uploads\/2024\/10\/milkar.jpg 600w, http:\/\/aytekkundukgida.com\/wp-content\/uploads\/2024\/10\/milkar-225x300.jpg 225w\" sizes=\"(max-width: 600px) 100vw, 600px\" \/><\/p>\n<\/div>\n<\/div><\/div><\/div><div id=\"pgc-691-1-1\"  class=\"panel-grid-cell\" ><div id=\"panel-691-1-1-0\" class=\"so-panel widget widget_sow-editor panel-first-child panel-last-child\" data-index=\"2\" ><div class=\"so-widget-sow-editor so-widget-sow-editor-base\">\n<div class=\"siteorigin-widget-tinymce textwidget\">\n\t<p>\u0130nek S\u00fct\u00fc , Ya\u011fl\u0131 \u0130nek S\u00fct\u00fcn\u00fcn (%100) p\u00fclverize edilerek kurutulmas\u0131yla \u00fcretilmi\u015ftir.\"T\u00fcrk G\u0131da Kodeksi Koyula\u015ft\u0131r\u0131lm\u0131\u015f S\u00fct ve S\u00fcttozu Tebli\u011fi\u201d ne uygundur. 12 ay\u0131n alt\u0131ndaki bebekler i\u00e7in g\u0131da olarak kullan\u0131lamaz.Oda \u015fartlar\u0131nda nemsiz depoda muhafaza ediniz.Rutubetsiz ve serin yerlerde ambalaj\u0131 a\u00e7\u0131lmamak kayd\u0131yla son t\u00fcketim tarihine kadar tazeli\u011fini korur.<\/p>\n<p>S\u00fct Tozunun nedir ne i\u015fe yarar?<\/p>\n<p>Ya\u011fl\u0131 s\u00fct tozu, s\u00fct\u00fcn suyunu \u00e7ektirilerek elde edilen bir \u00fcr\u00fcnd\u00fcr ve s\u00fctte bulunan ya\u011f miktar\u0131n\u0131n daha y\u00fcksek olmas\u0131 nedeniyle, ya\u011fl\u0131 s\u00fct tozu olarak adland\u0131r\u0131l\u0131r.<\/p>\n<p>S\u00fct tozu, s\u00fct\u00fcn saf formda kurutulmas\u0131 sonucu elde edilen bir g\u0131dad\u0131r. S\u00fct tozu, s\u00fct\u00fcn su i\u00e7eri\u011finin en az %90 oran\u0131nda \u00e7\u0131kar\u0131lmas\u0131 sonucu elde edilir. B\u00f6ylece s\u00fctteki t\u00fcm bile\u015fenler, s\u00fct tozu olarak daha uzun s\u00fcrelerde saklanabilir.<\/p>\n<p>S\u00fct tozu s\u00fctle ayn\u0131 aramay\u0131 verdi\u011fi i\u00e7in \u00e7o\u011fu sekt\u00f6r s\u00fct tozu kullanmay\u0131 tercih ediyor.Saklanma ko\u015fullar\u0131n\u0131n elveri\u015fli\u011fi , \u00fcr\u00fcn\u00fcn bozulmas\u0131 durumu olmamamas\u0131ndan dolay\u0131 s\u00fct tozu tercih ediliyor.<\/p>\n<p>S\u00fct Tozu ile neler yap\u0131labilir ? <\/p>\n<p>S\u00fct tozu, \u00e7e\u015fitli yiyecek ve i\u00e7eceklerin \u00fcretiminde kullan\u0131l\u0131r. \u00d6rne\u011fin, kahve, \u00e7ikolata, dondurma, \u00e7orba, soslar ve krema gibi yiyeceklerin \u00fcretiminde s\u00fct tozu kullan\u0131l\u0131r. Ayr\u0131ca, s\u00fct tozu, besin de\u011ferini artt\u0131rmak i\u00e7in \u00e7e\u015fitli g\u0131dalara kat\u0131labilir. \u00d6rne\u011fin, s\u00fct tozu, vitamin ve mineral i\u00e7eri\u011fini artt\u0131rmak i\u00e7in tah\u0131llara, mamalara veya una kat\u0131labilir.<\/p>\n<p>1. \u00c7ikolata<\/p>\n<p>2. Haz\u0131r Sahlep<\/p>\n<p>3. Yo\u011furt \/ Peynir<\/p>\n<p>4. S\u0131cak \u00c7ikolata<\/p>\n<p>5. S\u00fczme Peynir vb..<\/p>\n<p>NOT: 100 Gr S\u00dcT TOZU + 900 Gr SU = 1 Kg S\u00dcT.<\/p>\n<\/div>\n<\/div><\/div><\/div><\/div><\/div>","protected":false},"excerpt":{"rendered":"<p>&nbsp; &nbsp; &nbsp; \u0130nek S\u00fct\u00fc , Ya\u011fl\u0131 \u0130nek S\u00fct\u00fcn\u00fcn (%100) p\u00fclverize edilerek kurutulmas\u0131yla \u00fcretilmi\u015ftir.&#8221;T\u00fcrk G\u0131da Kodeksi Koyula\u015ft\u0131r\u0131lm\u0131\u015f S\u00fct ve S\u00fcttozu Tebli\u011fi\u201d ne uygundur. 12 ay\u0131n alt\u0131ndaki bebekler i\u00e7in g\u0131da olarak kullan\u0131lamaz.Oda \u015fartlar\u0131nda nemsiz depoda muhafaza ediniz.Rutubetsiz ve serin yerlerde ambalaj\u0131 a\u00e7\u0131lmamak kayd\u0131yla son t\u00fcketim tarihine kadar tazeli\u011fini korur. S\u00fct Tozunun nedir ne i\u015fe yarar? Ya\u011fl\u0131<br \/><a class=\"moretag\" href=\"http:\/\/aytekkundukgida.com\/index.php\/milkkar-yagli-sut-tozu\/\">+ Read More<\/a><\/p>\n","protected":false},"author":1,"featured_media":0,"parent":0,"menu_order":0,"comment_status":"closed","ping_status":"closed","template":"templates\/page-fullwidth_template.php","meta":[],"_links":{"self":[{"href":"http:\/\/aytekkundukgida.com\/index.php\/wp-json\/wp\/v2\/pages\/691"}],"collection":[{"href":"http:\/\/aytekkundukgida.com\/index.php\/wp-json\/wp\/v2\/pages"}],"about":[{"href":"http:\/\/aytekkundukgida.com\/index.php\/wp-json\/wp\/v2\/types\/page"}],"author":[{"embeddable":true,"href":"http:\/\/aytekkundukgida.com\/index.php\/wp-json\/wp\/v2\/users\/1"}],"replies":[{"embeddable":true,"href":"http:\/\/aytekkundukgida.com\/index.php\/wp-json\/wp\/v2\/comments?post=691"}],"version-history":[{"count":1,"href":"http:\/\/aytekkundukgida.com\/index.php\/wp-json\/wp\/v2\/pages\/691\/revisions"}],"predecessor-version":[{"id":693,"href":"http:\/\/aytekkundukgida.com\/index.php\/wp-json\/wp\/v2\/pages\/691\/revisions\/693"}],"wp:attachment":[{"href":"http:\/\/aytekkundukgida.com\/index.php\/wp-json\/wp\/v2\/media?parent=691"}],"curies":[{"name":"wp","href":"https:\/\/api.w.org\/{rel}","templated":true}]}}