{"id":686,"date":"2024-10-20T21:43:23","date_gmt":"2024-10-20T18:43:23","guid":{"rendered":"http:\/\/aytekkundukgida.com\/?page_id=686"},"modified":"2024-10-20T21:43:50","modified_gmt":"2024-10-20T18:43:50","slug":"sut-ciftligi-yagsiz-sut-tozu","status":"publish","type":"page","link":"http:\/\/aytekkundukgida.com\/index.php\/sut-ciftligi-yagsiz-sut-tozu\/","title":{"rendered":"S\u00fct \u00c7iftli\u011fi Ya\u011fs\u0131z S\u00fct Tozu"},"content":{"rendered":"<div id=\"pl-686\"  class=\"panel-layout\" ><div id=\"pg-686-0\"  class=\"panel-grid panel-no-style\" ><div id=\"pgc-686-0-0\"  class=\"panel-grid-cell\" ><div id=\"panel-686-0-0-0\" class=\"so-panel widget widget_sow-editor panel-first-child panel-last-child\" data-index=\"0\" ><div class=\"so-widget-sow-editor so-widget-sow-editor-base\">\n<div class=\"siteorigin-widget-tinymce textwidget\">\n\t<p>&nbsp;<\/p>\n<p>&nbsp;<\/p>\n<p>&nbsp;<\/p>\n<\/div>\n<\/div><\/div><\/div><\/div><div id=\"pg-686-1\"  class=\"panel-grid panel-no-style\" ><div id=\"pgc-686-1-0\"  class=\"panel-grid-cell\" ><div id=\"panel-686-1-0-0\" class=\"so-panel widget widget_sow-editor panel-first-child panel-last-child\" data-index=\"1\" ><div class=\"so-widget-sow-editor so-widget-sow-editor-base\">\n<div class=\"siteorigin-widget-tinymce textwidget\">\n\t<p><img loading=\"lazy\" class=\"alignnone size-large wp-image-687\" src=\"http:\/\/aytekkundukgida.com\/wp-content\/uploads\/2024\/10\/sutcift-1024x1024.jpg\" alt=\"\" width=\"1024\" height=\"1024\" srcset=\"http:\/\/aytekkundukgida.com\/wp-content\/uploads\/2024\/10\/sutcift-1024x1024.jpg 1024w, http:\/\/aytekkundukgida.com\/wp-content\/uploads\/2024\/10\/sutcift-300x300.jpg 300w, http:\/\/aytekkundukgida.com\/wp-content\/uploads\/2024\/10\/sutcift-150x150.jpg 150w, http:\/\/aytekkundukgida.com\/wp-content\/uploads\/2024\/10\/sutcift-768x768.jpg 768w, http:\/\/aytekkundukgida.com\/wp-content\/uploads\/2024\/10\/sutcift.jpg 1440w\" sizes=\"(max-width: 1024px) 100vw, 1024px\" \/><\/p>\n<\/div>\n<\/div><\/div><\/div><div id=\"pgc-686-1-1\"  class=\"panel-grid-cell\" ><div id=\"panel-686-1-1-0\" class=\"so-panel widget widget_sow-editor panel-first-child panel-last-child\" data-index=\"2\" ><div class=\"so-widget-sow-editor so-widget-sow-editor-base\">\n<div class=\"siteorigin-widget-tinymce textwidget\">\n\t<p>S\u00dcT \u00c7\u0130FTL\u0130\u011e\u0130 YA\u011eSIZ S\u00dcT TOZU<br \/>\n\u0130\u00e7indekiler : \u0130nek S\u00fct\u00fc , Ya\u011fs\u0131z \u0130nek S\u00fct\u00fcn\u00fcn (%100) p\u00fclverize edilerek kurutulmas\u0131yla \u00fcretilmi\u015ftir. \"T\u00fcrk G\u0131da Kodeksi Koyula\u015ft\u0131r\u0131lm\u0131\u015f S\u00fct ve S\u00fcttozu Tebli\u011fi\u201d ne uygundur. 12 ay\u0131n alt\u0131ndaki bebekler i\u00e7in g\u0131da olarak kullan\u0131lamaz. Oda \u015fartlar\u0131nda nemsiz depoda muhafaza ediniz. Rutubetsiz ve serin yerlerde ambalaj\u0131 a\u00e7\u0131lmamak kayd\u0131yla son t\u00fcketim tarihine kadar tazeli\u011fini korur.<\/p>\n<p>S\u00fct Tozunun nedir ne i\u015fe yarar?<\/p>\n<p>S\u00fct tozu s\u00fctle ayn\u0131 aramay\u0131 verdi\u011fi i\u00e7in  \u00e7o\u011fu sekt\u00f6r s\u00fct tozu kullanmay\u0131 tercih ediyor. Saklanma ko\u015fullar\u0131n\u0131n elveri\u015flili\u011fi , \u00fcr\u00fcn\u00fcn bozulmas\u0131 durumu olmamas\u0131ndan dolay\u0131 s\u00fct tozu tercih ediliyor.<\/p>\n<p>Ya\u011fs\u0131z S\u00fct tozu zararl\u0131 m\u0131 ? <\/p>\n<p>Hay\u0131r, zararl\u0131 de\u011fildir. S\u00fct\u00fcn i\u00e7indeki enerji de\u011ferinin di\u011fer s\u00fct \u00fcr\u00fcnlerine g\u00f6re az ya\u011f i\u00e7erdi\u011finden dolay\u0131 daha az kalori anlam\u0131na gelir.<\/p>\n<p>S\u00fct Tozu ile neler yap\u0131labilir ?  \u00c7ikolata<\/p>\n<p>Haz\u0131r Sahlep<\/p>\n<p>Yo\u011furt \/ Peynir<\/p>\n<p>S\u0131cak \u00c7ikolata<\/p>\n<p>S\u00fczme Peynir<\/p>\n<p>  vb..<\/p>\n<p>NOT: 100 Gr S\u00dcT TOZU + 900 Gr SU = 1 Kg S\u00dcT.<\/p>\n<\/div>\n<\/div><\/div><\/div><\/div><\/div>","protected":false},"excerpt":{"rendered":"<p>&nbsp; &nbsp; &nbsp; S\u00dcT \u00c7\u0130FTL\u0130\u011e\u0130 YA\u011eSIZ S\u00dcT TOZU \u0130\u00e7indekiler : \u0130nek S\u00fct\u00fc , Ya\u011fs\u0131z \u0130nek S\u00fct\u00fcn\u00fcn (%100) p\u00fclverize edilerek kurutulmas\u0131yla \u00fcretilmi\u015ftir. &#8220;T\u00fcrk G\u0131da Kodeksi Koyula\u015ft\u0131r\u0131lm\u0131\u015f S\u00fct ve S\u00fcttozu Tebli\u011fi\u201d ne uygundur. 12 ay\u0131n alt\u0131ndaki bebekler i\u00e7in g\u0131da olarak kullan\u0131lamaz. Oda \u015fartlar\u0131nda nemsiz depoda muhafaza ediniz. Rutubetsiz ve serin yerlerde ambalaj\u0131 a\u00e7\u0131lmamak kayd\u0131yla son t\u00fcketim tarihine<br \/><a class=\"moretag\" href=\"http:\/\/aytekkundukgida.com\/index.php\/sut-ciftligi-yagsiz-sut-tozu\/\">+ Read More<\/a><\/p>\n","protected":false},"author":1,"featured_media":0,"parent":0,"menu_order":0,"comment_status":"closed","ping_status":"closed","template":"templates\/page-fullwidth_template.php","meta":[],"_links":{"self":[{"href":"http:\/\/aytekkundukgida.com\/index.php\/wp-json\/wp\/v2\/pages\/686"}],"collection":[{"href":"http:\/\/aytekkundukgida.com\/index.php\/wp-json\/wp\/v2\/pages"}],"about":[{"href":"http:\/\/aytekkundukgida.com\/index.php\/wp-json\/wp\/v2\/types\/page"}],"author":[{"embeddable":true,"href":"http:\/\/aytekkundukgida.com\/index.php\/wp-json\/wp\/v2\/users\/1"}],"replies":[{"embeddable":true,"href":"http:\/\/aytekkundukgida.com\/index.php\/wp-json\/wp\/v2\/comments?post=686"}],"version-history":[{"count":2,"href":"http:\/\/aytekkundukgida.com\/index.php\/wp-json\/wp\/v2\/pages\/686\/revisions"}],"predecessor-version":[{"id":689,"href":"http:\/\/aytekkundukgida.com\/index.php\/wp-json\/wp\/v2\/pages\/686\/revisions\/689"}],"wp:attachment":[{"href":"http:\/\/aytekkundukgida.com\/index.php\/wp-json\/wp\/v2\/media?parent=686"}],"curies":[{"name":"wp","href":"https:\/\/api.w.org\/{rel}","templated":true}]}}