{"id":649,"date":"2020-11-04T23:33:39","date_gmt":"2020-11-04T20:33:39","guid":{"rendered":"http:\/\/aytekkundukgida.com\/?page_id=649"},"modified":"2020-11-04T23:36:16","modified_gmt":"2020-11-04T20:36:16","slug":"649-2","status":"publish","type":"page","link":"http:\/\/aytekkundukgida.com\/index.php\/649-2\/","title":{"rendered":"\u0130zi S\u00fct Ya\u011fs\u0131z S\u00fct Tozu"},"content":{"rendered":"<div id=\"pl-649\"  class=\"panel-layout\" ><div id=\"pg-649-0\"  class=\"panel-grid panel-has-style\" ><div class=\"panel-row-style panel-row-style-for-649-0\" ><div id=\"pgc-649-0-0\"  class=\"panel-grid-cell\" ><div id=\"panel-649-0-0-0\" class=\"so-panel widget widget_sow-editor panel-first-child panel-last-child\" data-index=\"0\" ><div class=\"panel-widget-style panel-widget-style-for-649-0-0-0\" ><div class=\"so-widget-sow-editor so-widget-sow-editor-base\">\n<div class=\"siteorigin-widget-tinymce textwidget\">\n\t<p><img loading=\"lazy\" class=\"alignnone size-full wp-image-651\" src=\"http:\/\/aytekkundukgida.com\/wp-content\/uploads\/2020\/11\/urun_47347b5e_big.jpg\" alt=\"\" width=\"1024\" height=\"1024\" srcset=\"http:\/\/aytekkundukgida.com\/wp-content\/uploads\/2020\/11\/urun_47347b5e_big.jpg 1024w, http:\/\/aytekkundukgida.com\/wp-content\/uploads\/2020\/11\/urun_47347b5e_big-300x300.jpg 300w, http:\/\/aytekkundukgida.com\/wp-content\/uploads\/2020\/11\/urun_47347b5e_big-150x150.jpg 150w, http:\/\/aytekkundukgida.com\/wp-content\/uploads\/2020\/11\/urun_47347b5e_big-768x768.jpg 768w\" sizes=\"(max-width: 1024px) 100vw, 1024px\" \/><\/p>\n<\/div>\n<\/div><\/div><\/div><\/div><div id=\"pgc-649-0-1\"  class=\"panel-grid-cell\" ><div id=\"panel-649-0-1-0\" class=\"so-panel widget widget_sow-editor panel-first-child panel-last-child\" data-index=\"1\" ><div class=\"so-widget-sow-editor so-widget-sow-editor-base\">\n<div class=\"siteorigin-widget-tinymce textwidget\">\n\t<table>\n<tbody>\n<tr>\n<td rowspan=\"9\"><strong>Besin De\u011ferleri<\/strong><\/td>\n<td><strong>\u00dcr\u00fcn \u00c7e\u015fidi<\/strong><\/td>\n<td><strong>Parametre<\/strong><\/td>\n<td><strong>Tipik De\u011ferler (100g)<\/strong><\/td>\n<\/tr>\n<tr>\n<td rowspan=\"4\"><strong>Ya\u011fs\u0131z S\u00fcttozu<\/strong><\/td>\n<td>Enerji (kJ\/kcal)<\/td>\n<td>1457\/348<\/td>\n<\/tr>\n<tr>\n<td>Karbonhidrat (%)<\/td>\n<td>52<\/td>\n<\/tr>\n<tr>\n<td>Ya\u011f (%<\/td>\n<td>0,5<\/td>\n<\/tr>\n<tr>\n<td>Protein (%)<\/td>\n<td>34<\/td>\n<\/tr>\n<\/tbody>\n<\/table>\n<\/div>\n<\/div><\/div><\/div><\/div><\/div><\/div>","protected":false},"excerpt":{"rendered":"<p>Besin De\u011ferleri \u00dcr\u00fcn \u00c7e\u015fidi Parametre Tipik De\u011ferler (100g) Ya\u011fs\u0131z S\u00fcttozu Enerji (kJ\/kcal) 1457\/348 Karbonhidrat (%) 52 Ya\u011f (% 0,5 Protein (%) 34<\/p>\n","protected":false},"author":1,"featured_media":0,"parent":0,"menu_order":0,"comment_status":"closed","ping_status":"closed","template":"templates\/page-fullwidth_template.php","meta":[],"_links":{"self":[{"href":"http:\/\/aytekkundukgida.com\/index.php\/wp-json\/wp\/v2\/pages\/649"}],"collection":[{"href":"http:\/\/aytekkundukgida.com\/index.php\/wp-json\/wp\/v2\/pages"}],"about":[{"href":"http:\/\/aytekkundukgida.com\/index.php\/wp-json\/wp\/v2\/types\/page"}],"author":[{"embeddable":true,"href":"http:\/\/aytekkundukgida.com\/index.php\/wp-json\/wp\/v2\/users\/1"}],"replies":[{"embeddable":true,"href":"http:\/\/aytekkundukgida.com\/index.php\/wp-json\/wp\/v2\/comments?post=649"}],"version-history":[{"count":2,"href":"http:\/\/aytekkundukgida.com\/index.php\/wp-json\/wp\/v2\/pages\/649\/revisions"}],"predecessor-version":[{"id":654,"href":"http:\/\/aytekkundukgida.com\/index.php\/wp-json\/wp\/v2\/pages\/649\/revisions\/654"}],"wp:attachment":[{"href":"http:\/\/aytekkundukgida.com\/index.php\/wp-json\/wp\/v2\/media?parent=649"}],"curies":[{"name":"wp","href":"https:\/\/api.w.org\/{rel}","templated":true}]}}