{"id":547,"date":"2020-10-08T22:47:36","date_gmt":"2020-10-08T19:47:36","guid":{"rendered":"http:\/\/aytekkundukgida.com\/demo\/?page_id=547"},"modified":"2020-10-09T00:41:09","modified_gmt":"2020-10-08T21:41:09","slug":"domates-tozu","status":"publish","type":"page","link":"http:\/\/aytekkundukgida.com\/index.php\/domates-tozu\/","title":{"rendered":"Domates Tozu"},"content":{"rendered":"<div id=\"pl-547\"  class=\"panel-layout\" ><div id=\"pg-547-0\"  class=\"panel-grid panel-has-style\" ><div class=\"panel-row-style panel-row-style-for-547-0\" ><div id=\"pgc-547-0-0\"  class=\"panel-grid-cell\" ><div id=\"panel-547-0-0-0\" class=\"so-panel widget widget_sow-editor panel-first-child panel-last-child\" data-index=\"0\" ><div class=\"panel-widget-style panel-widget-style-for-547-0-0-0\" ><div class=\"so-widget-sow-editor so-widget-sow-editor-base\">\n<div class=\"siteorigin-widget-tinymce textwidget\">\n\t<p><img loading=\"lazy\" class=\"alignnone size-full wp-image-548\" src=\"http:\/\/aytekkundukgida.com\/wp-content\/uploads\/2020\/10\/DOMATES_TOZU2-600x700-1.png\" alt=\"\" width=\"600\" height=\"700\" srcset=\"http:\/\/aytekkundukgida.com\/wp-content\/uploads\/2020\/10\/DOMATES_TOZU2-600x700-1.png 600w, http:\/\/aytekkundukgida.com\/wp-content\/uploads\/2020\/10\/DOMATES_TOZU2-600x700-1-257x300.png 257w\" sizes=\"(max-width: 600px) 100vw, 600px\" \/><\/p>\n<\/div>\n<\/div><\/div><\/div><\/div><div id=\"pgc-547-0-1\"  class=\"panel-grid-cell\" ><div id=\"panel-547-0-1-0\" class=\"so-panel widget widget_sow-editor panel-first-child panel-last-child\" data-index=\"1\" ><div class=\"so-widget-sow-editor so-widget-sow-editor-base\">\n<div class=\"siteorigin-widget-tinymce textwidget\">\n\t<h4>\u00dcr\u00fcn \u00d6zellikleri<\/h4>\n<div class=\"content\">\n<table>\n<tbody>\n<tr>\n<th><strong>Ambalaj \u015fekli<\/strong><\/th>\n<td>Karton kutu<\/td>\n<\/tr>\n<tr>\n<th><strong>Saklama ko\u015fullar\u0131<\/strong><\/th>\n<td>Maks. %60 ba\u011f\u0131l nem ve 25\u00b0C<\/td>\n<\/tr>\n<tr>\n<th>Ambalaj Ebad\u0131<\/th>\n<td>525x307x530 mm<\/td>\n<\/tr>\n<tr>\n<th>\u0130\u00e7erik Bilgisi<\/th>\n<td>Domates sal\u00e7as\u0131, topaklanmay\u0131 \u00f6nleyici<\/td>\n<\/tr>\n<tr>\n<td colspan=\"2\">\n<div class=\"vc_empty_space\"><\/div>\n<p class=\"vc_custom_heading vc_custom_1468509755358\">Paketleme :<\/p>\n<p class=\"vc_custom_heading vc_custom_1469089210779\">\u0130nsan sa\u011fl\u0131\u011f\u0131na uygun malzemeden, temiz ve hi\u00e7 kullan\u0131lmam\u0131\u015f, hava, \u0131\u015f\u0131k ve nem ge\u00e7irmeyen, d\u0131\u015far\u0131dan kirlenmeyi \u00f6nleyen i\u00e7te PE veya MET-PET torba, d\u0131\u015fta karton kutu veya kraft torba olmak \u00fczere a\u011f\u0131zlar\u0131 hava almayacak \u015fekilde kapat\u0131lm\u0131\u015f 25 kg\u2019l\u0131k karton\/kraft ambalajlarda paketlenmi\u015ftir.<\/p>\n<\/td>\n<\/tr>\n<\/tbody>\n<\/table>\n<p class=\"vc_custom_heading\">Domates Tozu<\/p>\n<p class=\"vc_custom_heading\">Hot Break<br \/>\nCold Break<\/p>\n<p class=\"vc_custom_heading\">T\u00fcrkiye'de ilk ve tek olarak, y\u00fcksek kaliteli domates sal\u00e7as\u0131n\u0131n pulverize edilerek kurutulmas\u0131yla \u00fcretilmektedir. Yar\u0131 mamul maddedir. Toz olarak, eritilerek veya farkl\u0131 g\u0131da maddeleri ile birlikte kullan\u0131labilir. Kendine has k\u0131rm\u0131z\u0131-turuncu renkte, kendine has ak\u0131\u015fkan toz yap\u0131da, homojen g\u00f6r\u00fcn\u00fcmde olup topaklanmay\u0131 \u00f6nleyici madde d\u0131\u015f\u0131nda hi\u00e7bir koruyucu madde, renklendirici madde ve di\u011fer katk\u0131 maddeleri i\u00e7ermemektedir.<\/p>\n<\/div>\n<\/div>\n<\/div><\/div><\/div><\/div><\/div><\/div>","protected":false},"excerpt":{"rendered":"<p>\u00dcr\u00fcn \u00d6zellikleri Ambalaj \u015fekli Karton kutu Saklama ko\u015fullar\u0131 Maks. %60 ba\u011f\u0131l nem ve 25\u00b0C Ambalaj Ebad\u0131 525x307x530 mm \u0130\u00e7erik Bilgisi Domates sal\u00e7as\u0131, topaklanmay\u0131 \u00f6nleyici Paketleme : \u0130nsan sa\u011fl\u0131\u011f\u0131na uygun malzemeden, temiz ve hi\u00e7 kullan\u0131lmam\u0131\u015f, hava, \u0131\u015f\u0131k ve nem ge\u00e7irmeyen, d\u0131\u015far\u0131dan kirlenmeyi \u00f6nleyen i\u00e7te PE veya MET-PET torba, d\u0131\u015fta karton kutu veya kraft torba olmak \u00fczere<br \/><a class=\"moretag\" href=\"http:\/\/aytekkundukgida.com\/index.php\/domates-tozu\/\">+ Read More<\/a><\/p>\n","protected":false},"author":1,"featured_media":0,"parent":0,"menu_order":0,"comment_status":"closed","ping_status":"closed","template":"templates\/page-fullwidth_template.php","meta":[],"_links":{"self":[{"href":"http:\/\/aytekkundukgida.com\/index.php\/wp-json\/wp\/v2\/pages\/547"}],"collection":[{"href":"http:\/\/aytekkundukgida.com\/index.php\/wp-json\/wp\/v2\/pages"}],"about":[{"href":"http:\/\/aytekkundukgida.com\/index.php\/wp-json\/wp\/v2\/types\/page"}],"author":[{"embeddable":true,"href":"http:\/\/aytekkundukgida.com\/index.php\/wp-json\/wp\/v2\/users\/1"}],"replies":[{"embeddable":true,"href":"http:\/\/aytekkundukgida.com\/index.php\/wp-json\/wp\/v2\/comments?post=547"}],"version-history":[{"count":3,"href":"http:\/\/aytekkundukgida.com\/index.php\/wp-json\/wp\/v2\/pages\/547\/revisions"}],"predecessor-version":[{"id":630,"href":"http:\/\/aytekkundukgida.com\/index.php\/wp-json\/wp\/v2\/pages\/547\/revisions\/630"}],"wp:attachment":[{"href":"http:\/\/aytekkundukgida.com\/index.php\/wp-json\/wp\/v2\/media?parent=547"}],"curies":[{"name":"wp","href":"https:\/\/api.w.org\/{rel}","templated":true}]}}