{"id":543,"date":"2020-10-08T22:45:30","date_gmt":"2020-10-08T19:45:30","guid":{"rendered":"http:\/\/aytekkundukgida.com\/demo\/?page_id=543"},"modified":"2020-10-09T00:44:24","modified_gmt":"2020-10-08T21:44:24","slug":"yogurt-tozu","status":"publish","type":"page","link":"http:\/\/aytekkundukgida.com\/index.php\/yogurt-tozu\/","title":{"rendered":"Yo\u011furt Tozu"},"content":{"rendered":"<div id=\"pl-543\"  class=\"panel-layout\" ><div id=\"pg-543-0\"  class=\"panel-grid panel-has-style\" ><div class=\"panel-row-style panel-row-style-for-543-0\" ><div id=\"pgc-543-0-0\"  class=\"panel-grid-cell\" ><div id=\"panel-543-0-0-0\" class=\"so-panel widget widget_sow-editor panel-first-child panel-last-child\" data-index=\"0\" ><div class=\"panel-widget-style panel-widget-style-for-543-0-0-0\" ><div class=\"so-widget-sow-editor so-widget-sow-editor-base\">\n<div class=\"siteorigin-widget-tinymce textwidget\">\n\t<p><img loading=\"lazy\" class=\"alignnone size-full wp-image-545 aligncenter\" src=\"http:\/\/aytekkundukgida.com\/wp-content\/uploads\/2020\/10\/YOGURT_TOZU-350x650-1.png\" alt=\"\" width=\"350\" height=\"650\" srcset=\"http:\/\/aytekkundukgida.com\/wp-content\/uploads\/2020\/10\/YOGURT_TOZU-350x650-1.png 350w, http:\/\/aytekkundukgida.com\/wp-content\/uploads\/2020\/10\/YOGURT_TOZU-350x650-1-162x300.png 162w\" sizes=\"(max-width: 350px) 100vw, 350px\" \/><\/p>\n<\/div>\n<\/div><\/div><\/div><\/div><div id=\"pgc-543-0-1\"  class=\"panel-grid-cell\" ><div id=\"panel-543-0-1-0\" class=\"so-panel widget widget_sow-editor panel-first-child panel-last-child\" data-index=\"1\" ><div class=\"so-widget-sow-editor so-widget-sow-editor-base\">\n<div class=\"siteorigin-widget-tinymce textwidget\">\n\t<h4>\u00dcr\u00fcn \u00d6zellikleri<\/h4>\n<div class=\"content\">\n<table>\n<tbody>\n<tr>\n<th><strong>Ambalaj \u015fekli<\/strong><\/th>\n<td>Kraft Torba<\/td>\n<\/tr>\n<tr>\n<th><strong>Saklama ko\u015fullar\u0131<\/strong><\/th>\n<td>Maks. %65 ba\u011f\u0131l nem ve 35\u00b0C<\/td>\n<\/tr>\n<tr>\n<th>Ambalaj Ebad\u0131<\/th>\n<td>500x900x140 mm<\/td>\n<\/tr>\n<tr>\n<th>\u0130\u00e7erik Bilgisi<\/th>\n<td>\u0130nek s\u00fct\u00fc, yo\u011furt k\u00fclt\u00fcr\u00fc<\/td>\n<\/tr>\n<tr>\n<td colspan=\"2\">\n<div class=\"vc_empty_space\"><\/div>\n<p class=\"vc_custom_heading vc_custom_1468509755358\">Paketleme :<\/p>\n<p class=\"vc_custom_heading vc_custom_1469089210779\">\u0130nsan sa\u011fl\u0131\u011f\u0131na uygun malzemeden, temiz ve hi\u00e7 kullan\u0131lmam\u0131\u015f, hava, \u0131\u015f\u0131k ve nem ge\u00e7irmeyen, d\u0131\u015far\u0131dan kirlenmeyi \u00f6nleyen, i\u00e7te polietilen torba, d\u0131\u015fta 3 katl\u0131 kraft ka\u011f\u0131t torba olmak \u00fczere a\u011f\u0131zlar\u0131 hava almayacak \u015fekilde kapat\u0131lm\u0131\u015f 25 kg\u2019l\u0131k torba ambalajlarda paketlenmi\u015ftir.<\/p>\n<\/td>\n<\/tr>\n<\/tbody>\n<\/table>\n<\/div>\n<p class=\"vc_custom_heading\">Yo\u011furt Tozu<\/p>\n<p class=\"vc_custom_heading\">\u2022 Ya\u011fs\u0131z Yo\u011furt Tozu<br \/>\n\u2022 Yar\u0131m Ya\u011fl\u0131 Yo\u011furt Tozu<br \/>\n\u2022 Tam Ya\u011fl\u0131 Yo\u011furt Tozu<\/p>\n<p class=\"vc_custom_heading\">Y\u00fcksek kaliteli inek s\u00fct\u00fcne yo\u011furt k\u00fclt\u00fcr\u00fc kat\u0131lmas\u0131yla elde edilen konsantrenin pulverize edilerek kurutulmas\u0131yla \u00fcretilmi\u015ftir. Yar\u0131 mamul maddedir. Toz olarak, eritilerek veya farkl\u0131 g\u0131da maddeleri ile birlikte kullan\u0131labilir. Kendine has beyaz veya krem renkte, kendine has ak\u0131\u015fkan toz yap\u0131da, homojen g\u00f6r\u00fcn\u00fcmde olup hi\u00e7bir renklendirici madde ve di\u011fer katk\u0131 maddeleri i\u00e7ermemektedir.<\/p>\n<\/div>\n<\/div><\/div><\/div><\/div><\/div><\/div>","protected":false},"excerpt":{"rendered":"<p>\u00dcr\u00fcn \u00d6zellikleri Ambalaj \u015fekli Kraft Torba Saklama ko\u015fullar\u0131 Maks. %65 ba\u011f\u0131l nem ve 35\u00b0C Ambalaj Ebad\u0131 500x900x140 mm \u0130\u00e7erik Bilgisi \u0130nek s\u00fct\u00fc, yo\u011furt k\u00fclt\u00fcr\u00fc Paketleme : \u0130nsan sa\u011fl\u0131\u011f\u0131na uygun malzemeden, temiz ve hi\u00e7 kullan\u0131lmam\u0131\u015f, hava, \u0131\u015f\u0131k ve nem ge\u00e7irmeyen, d\u0131\u015far\u0131dan kirlenmeyi \u00f6nleyen, i\u00e7te polietilen torba, d\u0131\u015fta 3 katl\u0131 kraft ka\u011f\u0131t torba olmak \u00fczere a\u011f\u0131zlar\u0131 hava<br \/><a class=\"moretag\" href=\"http:\/\/aytekkundukgida.com\/index.php\/yogurt-tozu\/\">+ Read More<\/a><\/p>\n","protected":false},"author":1,"featured_media":0,"parent":0,"menu_order":0,"comment_status":"closed","ping_status":"closed","template":"templates\/page-fullwidth_template.php","meta":[],"_links":{"self":[{"href":"http:\/\/aytekkundukgida.com\/index.php\/wp-json\/wp\/v2\/pages\/543"}],"collection":[{"href":"http:\/\/aytekkundukgida.com\/index.php\/wp-json\/wp\/v2\/pages"}],"about":[{"href":"http:\/\/aytekkundukgida.com\/index.php\/wp-json\/wp\/v2\/types\/page"}],"author":[{"embeddable":true,"href":"http:\/\/aytekkundukgida.com\/index.php\/wp-json\/wp\/v2\/users\/1"}],"replies":[{"embeddable":true,"href":"http:\/\/aytekkundukgida.com\/index.php\/wp-json\/wp\/v2\/comments?post=543"}],"version-history":[{"count":3,"href":"http:\/\/aytekkundukgida.com\/index.php\/wp-json\/wp\/v2\/pages\/543\/revisions"}],"predecessor-version":[{"id":642,"href":"http:\/\/aytekkundukgida.com\/index.php\/wp-json\/wp\/v2\/pages\/543\/revisions\/642"}],"wp:attachment":[{"href":"http:\/\/aytekkundukgida.com\/index.php\/wp-json\/wp\/v2\/media?parent=543"}],"curies":[{"name":"wp","href":"https:\/\/api.w.org\/{rel}","templated":true}]}}