{"id":531,"date":"2020-10-08T22:11:37","date_gmt":"2020-10-08T19:11:37","guid":{"rendered":"http:\/\/aytekkundukgida.com\/demo\/?page_id=531"},"modified":"2020-10-09T00:40:51","modified_gmt":"2020-10-08T21:40:51","slug":"demineralize-peyniraltisuyu-tozu","status":"publish","type":"page","link":"http:\/\/aytekkundukgida.com\/index.php\/demineralize-peyniraltisuyu-tozu\/","title":{"rendered":"Demineralize Peyniralt\u0131suyu Tozu"},"content":{"rendered":"<div id=\"pl-531\"  class=\"panel-layout\" ><div id=\"pg-531-0\"  class=\"panel-grid panel-has-style\" ><div class=\"panel-row-style panel-row-style-for-531-0\" ><div id=\"pgc-531-0-0\"  class=\"panel-grid-cell\" ><div id=\"panel-531-0-0-0\" class=\"so-panel widget widget_sow-editor panel-first-child panel-last-child\" data-index=\"0\" ><div class=\"panel-widget-style panel-widget-style-for-531-0-0-0\" ><div class=\"so-widget-sow-editor so-widget-sow-editor-base\">\n<div class=\"siteorigin-widget-tinymce textwidget\">\n\t<p><img loading=\"lazy\" class=\"alignnone size-full wp-image-532\" src=\"http:\/\/aytekkundukgida.com\/wp-content\/uploads\/2020\/10\/peynirtozuDTS.png\" alt=\"\" width=\"550\" height=\"650\" srcset=\"http:\/\/aytekkundukgida.com\/wp-content\/uploads\/2020\/10\/peynirtozuDTS.png 550w, http:\/\/aytekkundukgida.com\/wp-content\/uploads\/2020\/10\/peynirtozuDTS-254x300.png 254w\" sizes=\"(max-width: 550px) 100vw, 550px\" \/><\/p>\n<\/div>\n<\/div><\/div><\/div><\/div><div id=\"pgc-531-0-1\"  class=\"panel-grid-cell\" ><div id=\"panel-531-0-1-0\" class=\"so-panel widget widget_sow-editor panel-first-child panel-last-child\" data-index=\"1\" ><div class=\"so-widget-sow-editor so-widget-sow-editor-base\">\n<div class=\"siteorigin-widget-tinymce textwidget\">\n\t<h4>\u00dcr\u00fcn \u00d6zellikleri<\/h4>\n<div class=\"content\">\n<table>\n<tbody>\n<tr>\n<th><strong>Ambalaj \u015fekli<\/strong><\/th>\n<td>Kraft Torba<\/td>\n<\/tr>\n<tr>\n<th><strong>Saklama ko\u015fullar\u0131<\/strong><\/th>\n<td>Maks. %65 ba\u011f\u0131l nem ve 35\u00b0C<\/td>\n<\/tr>\n<tr>\n<th>Ambalaj Ebad\u0131<\/th>\n<td>500x900x140 mm<\/td>\n<\/tr>\n<tr>\n<th>\u0130\u00e7erik Bilgisi<\/th>\n<td>Peyniralt\u0131suyu<\/td>\n<\/tr>\n<tr>\n<td colspan=\"2\">\n<div class=\"vc_empty_space\"><\/div>\n<p class=\"vc_custom_heading vc_custom_1468509755358\">Paketleme :<\/p>\n<p class=\"vc_custom_heading vc_custom_1469089210779\">\u0130nsan sa\u011fl\u0131\u011f\u0131na uygun malzemeden, temiz ve hi\u00e7 kullan\u0131lmam\u0131\u015f, hava, \u0131\u015f\u0131k ve nem ge\u00e7irmeyen, d\u0131\u015far\u0131dan kirlenmeyi \u00f6nleyen, i\u00e7te polietilen torba, d\u0131\u015fta 3 katl\u0131 kraft ka\u011f\u0131t torba olmak \u00fczere a\u011f\u0131zlar\u0131 hava almayacak \u015fekilde kapat\u0131lm\u0131\u015f 25 kg\u2019l\u0131k torba ambalajlarda paketlenmi\u015ftir.<\/p>\n<\/td>\n<\/tr>\n<\/tbody>\n<\/table>\n<p class=\"vc_custom_heading\">Demineralize Peyniralt\u0131suyu Tozu<\/p>\n<p class=\"vc_custom_heading\">%50 Demineralize<br \/>\n%70 Demineralize<br \/>\n%90 Demineralize<\/p>\n<p class=\"vc_custom_heading\">\u00c7e\u015fitli peynirlerden elde edilen taze peyniralt\u0131sular\u0131n\u0131n \u00f6ncesinde nanofiltrasyon \u00fcnitesinde demineralize edilmesi ve pulverize edilerek kurutulmas\u0131yla \u00fcretilmektedir. Yar\u0131 mamul maddedir. Toz olarak, eritilerek veya farkl\u0131 g\u0131da maddeleri ile birlikte kullan\u0131labilir. Kendine has krem veya sar\u0131 renkte, kendine has ak\u0131\u015fkan toz yap\u0131da, homojen g\u00f6r\u00fcn\u00fcmde olup hi\u00e7bir koruyucu madde, renklendirici madde ve di\u011fer katk\u0131 maddeleri i\u00e7ermemektedir.<\/p>\n<\/div>\n<\/div>\n<\/div><\/div><\/div><\/div><\/div><\/div>","protected":false},"excerpt":{"rendered":"<p>\u00dcr\u00fcn \u00d6zellikleri Ambalaj \u015fekli Kraft Torba Saklama ko\u015fullar\u0131 Maks. %65 ba\u011f\u0131l nem ve 35\u00b0C Ambalaj Ebad\u0131 500x900x140 mm \u0130\u00e7erik Bilgisi Peyniralt\u0131suyu Paketleme : \u0130nsan sa\u011fl\u0131\u011f\u0131na uygun malzemeden, temiz ve hi\u00e7 kullan\u0131lmam\u0131\u015f, hava, \u0131\u015f\u0131k ve nem ge\u00e7irmeyen, d\u0131\u015far\u0131dan kirlenmeyi \u00f6nleyen, i\u00e7te polietilen torba, d\u0131\u015fta 3 katl\u0131 kraft ka\u011f\u0131t torba olmak \u00fczere a\u011f\u0131zlar\u0131 hava almayacak \u015fekilde kapat\u0131lm\u0131\u015f<br \/><a class=\"moretag\" href=\"http:\/\/aytekkundukgida.com\/index.php\/demineralize-peyniraltisuyu-tozu\/\">+ Read More<\/a><\/p>\n","protected":false},"author":1,"featured_media":0,"parent":0,"menu_order":0,"comment_status":"closed","ping_status":"closed","template":"templates\/page-fullwidth_template.php","meta":[],"_links":{"self":[{"href":"http:\/\/aytekkundukgida.com\/index.php\/wp-json\/wp\/v2\/pages\/531"}],"collection":[{"href":"http:\/\/aytekkundukgida.com\/index.php\/wp-json\/wp\/v2\/pages"}],"about":[{"href":"http:\/\/aytekkundukgida.com\/index.php\/wp-json\/wp\/v2\/types\/page"}],"author":[{"embeddable":true,"href":"http:\/\/aytekkundukgida.com\/index.php\/wp-json\/wp\/v2\/users\/1"}],"replies":[{"embeddable":true,"href":"http:\/\/aytekkundukgida.com\/index.php\/wp-json\/wp\/v2\/comments?post=531"}],"version-history":[{"count":3,"href":"http:\/\/aytekkundukgida.com\/index.php\/wp-json\/wp\/v2\/pages\/531\/revisions"}],"predecessor-version":[{"id":629,"href":"http:\/\/aytekkundukgida.com\/index.php\/wp-json\/wp\/v2\/pages\/531\/revisions\/629"}],"wp:attachment":[{"href":"http:\/\/aytekkundukgida.com\/index.php\/wp-json\/wp\/v2\/media?parent=531"}],"curies":[{"name":"wp","href":"https:\/\/api.w.org\/{rel}","templated":true}]}}