{"id":255,"date":"2019-01-17T22:36:39","date_gmt":"2019-01-17T19:36:39","guid":{"rendered":"http:\/\/aytekkundukgida.com\/demo\/demo\/?page_id=255"},"modified":"2020-10-09T13:39:41","modified_gmt":"2020-10-09T10:39:41","slug":"referanslar","status":"publish","type":"page","link":"http:\/\/aytekkundukgida.com\/index.php\/referanslar\/","title":{"rendered":"Faydal\u0131 Bilgiler"},"content":{"rendered":"<div id=\"pl-255\"  class=\"panel-layout\" ><div id=\"pg-255-0\"  class=\"panel-grid panel-has-style\" ><div class=\"panel-row-style panel-row-style-for-255-0\" ><div id=\"pgc-255-0-0\"  class=\"panel-grid-cell\" ><div id=\"panel-255-0-0-0\" class=\"so-panel widget widget_sow-editor panel-first-child panel-last-child\" data-index=\"0\" ><div class=\"so-widget-sow-editor so-widget-sow-editor-base\">\n<div class=\"siteorigin-widget-tinymce textwidget\">\n\t<p><span style=\"color: #008000;\"><strong>SOYA KULLANIM ALANLARI<\/strong><\/span><\/p>\n<p><b>Soya<\/b>\u00a0unu ise hayvan yemi i\u00e7in ba\u015fl\u0131ca protein ve enerji kayna\u011f\u0131.\u00a0<b>Soya<\/b>\u00a0ayr\u0131ca ekmek, salata sosu, kahve kremas\u0131 gibi g\u0131da \u00fcr\u00fcnlerinin yan\u0131nda temizlik malzemeleri, kozmetik sekt\u00f6r\u00fc, plastik gibi sanayi sekt\u00f6r\u00fcnde de bir\u00e7ok\u00a0<b>kullan\u0131m<\/b>\u00a0alan\u0131na sahip.<\/p>\n<\/div>\n<\/div><\/div><\/div><\/div><\/div><div id=\"pg-255-1\"  class=\"panel-grid panel-no-style\" ><div id=\"pgc-255-1-0\"  class=\"panel-grid-cell\" ><div id=\"panel-255-1-0-0\" class=\"so-panel widget widget_sow-editor panel-first-child panel-last-child\" data-index=\"1\" ><div class=\"so-widget-sow-editor so-widget-sow-editor-base\">\n<div class=\"siteorigin-widget-tinymce textwidget\">\n\t<p><span style=\"color: #008000;\"><strong>S\u00dcT TOZU HAKKINDA<\/strong><\/span><\/p>\n<p>S\u00fct tozu, ya\u011fl\u0131 ve ya\u011fs\u0131z taze s\u00fctlerin suyunun m\u00fcmk\u00fcn oldu\u011fu kadar u\u00e7urulmas\u0131yla elde edilen kurutulmu\u015f bir s\u00fct \u00fcr\u00fcn\u00fcd\u00fcr.<br \/>\nS\u00fct tozunun en b\u00fcy\u00fck avantaj\u0131 y\u00fcksek miktarlarda s\u00fct tozu, ayn\u0131 miktardaki s\u00fctten daha hafif geldi\u011fi ve daha rahat muhafaza edildi\u011fi i\u00e7in ta\u015f\u0131ma ve saklama a\u00e7\u0131s\u0131ndan s\u00fcte g\u00f6re daha elveri\u015fli olmas\u0131n\u0131n yan\u0131nda bir de ucuzdur.<br \/>\nBilinenin aksine s\u00fct tozu, s\u0131cak suda \u00e7\u00f6z\u00fcnmez.<br \/>\nHer s\u00fct \u00fcr\u00fcn\u00fc gibi s\u00fcttozu bir s\u00fct \u00fcr\u00fcn\u00fcd\u00fcr ve hi\u00e7 bir katk\u0131 maddesi i\u00e7ermemektedir. \u0130htiya\u00e7 duyuldu\u011funda tekrar s\u00fcte d\u00f6n\u00fc\u015ft\u00fcr\u00fclebilir (rekonstit\u00fcte s\u00fct) ve s\u00fct \u00fcr\u00fcnlerine (rekombine \u00fcr\u00fcn) i\u015flenebilir.<\/p>\n<p><span style=\"color: #008000;\"><strong>S\u00dcT TOZU NELERDE KULLANILIR<\/strong><\/span><\/p>\n<ul>\n<li><strong>S\u00fct tozu<\/strong>\u00a0suda \u00e7\u00f6z\u00fcnebildi\u011finden\u00a0 dolay\u0131 t\u00fcketiciye sat\u0131l\u0131r.<strong>\u00a0<\/strong>S\u00fct tozuna 1 e 9 oran\u0131nda su eklemekle, normal s\u00fct k\u0131vam\u0131nda bir \u00fcr\u00fcn elde edilebilir. S\u00fct temininin ya da s\u00fct saklaman\u0131n zor oldu\u011fu yerlerde\u00a0<strong>s\u00fct tozu<\/strong>\u00a0t\u00fcketimi tercih edilmektedir.<\/li>\n<li><strong>S\u00fct tozu,<\/strong>\u00a0s\u00fctle ayn\u0131 aromay\u0131 verdi\u011fi, ama s\u00fct kullanmaktan daha ucuza geldi\u011fi i\u00e7in, s\u00fct kullan\u0131lan sekt\u00f6rlerde \u00e7o\u011fu zaman\u00a0s\u00fct tozu<strong>\u00a0<\/strong>tercih edilir. Ayr\u0131ca saklanma ko\u015fullar\u0131n\u0131n elveri\u015flili\u011fi, \u00fcr\u00fcn\u00fcn bozulmas\u0131 durumunun olmamas\u0131ndan\u00a0s\u00fct tozu\u00a0tercih edilir<\/li>\n<li>Afrika gibi \u00fclkelere g\u0131da yard\u0131mlar\u0131nda, s\u00fct\u00fcn besin de\u011ferini o insanlara ula\u015ft\u0131rmak i\u00e7in g\u0131da g\u00fcvenli\u011fi ve ekonomik sebepler nedeniyle\u00a0<strong>s\u00fct tozu<\/strong>\u00a0tercih edilmektedir.<\/li>\n<li>Pasta ve hamur i\u015flemlerinde, \u00fcr\u00fcn kalitesi i\u00e7in, s\u0131v\u0131 s\u00fct\u00fcn \u00fcr\u00fcn\u00fc \u00e7ok inceltmesini istenmedi\u011finde<strong>\u00a0s\u00fct tozu\u00a0<\/strong>kat\u0131labilmektedir.<\/li>\n<li>Bebek mamalar\u0131n\u0131n \u00fcretiminde<strong>\u00a0s\u00fct tozu\u00a0<\/strong>etkindir.<\/li>\n<li>Haz\u0131r \u00e7orba gibi kurutulmu\u015f haz\u0131r \u00fcr\u00fcnlerin i\u00e7eri\u011fini haz\u0131rlamakta\u00a0<strong>s\u00fct tozu<\/strong>\u00a0kullan\u0131lmaktad\u0131r.<\/li>\n<li>Hayvanlar i\u00e7in haz\u0131rlanan \u00e7o\u011fu mamalar\u0131n i\u00e7ine de\u00a0<strong>s\u00fct tozu<\/strong>\u00a0kat\u0131lmaktad\u0131r.<\/li>\n<li>Kahve kremalar\u0131n\u0131n i\u00e7eri\u011fi\u00a0<strong>s\u00fct tozu<\/strong>ndan faydalan\u0131larak yap\u0131l\u0131r.<\/li>\n<li>Ayr\u0131ca dondurma, \u015fekerleme, peynir, yo\u011furt gibi s\u00fct kullan\u0131larak \u00fcretim yapan \u00e7o\u011fu i\u015fletmede<strong>\u00a0s\u00fct tozu\u00a0<\/strong>k\u0131vam art\u0131r\u0131c\u0131 olarak kullan\u0131lmaktad\u0131r.<\/li>\n<\/ul>\n<\/div>\n<\/div><\/div><\/div><\/div><\/div>","protected":false},"excerpt":{"rendered":"<p>SOYA KULLANIM ALANLARI Soya\u00a0unu ise hayvan yemi i\u00e7in ba\u015fl\u0131ca protein ve enerji kayna\u011f\u0131.\u00a0Soya\u00a0ayr\u0131ca ekmek, salata sosu, kahve kremas\u0131 gibi g\u0131da \u00fcr\u00fcnlerinin yan\u0131nda temizlik malzemeleri, kozmetik sekt\u00f6r\u00fc, plastik gibi sanayi sekt\u00f6r\u00fcnde de bir\u00e7ok\u00a0kullan\u0131m\u00a0alan\u0131na sahip. S\u00dcT TOZU HAKKINDA S\u00fct tozu, ya\u011fl\u0131 ve ya\u011fs\u0131z taze s\u00fctlerin suyunun m\u00fcmk\u00fcn oldu\u011fu kadar u\u00e7urulmas\u0131yla elde edilen kurutulmu\u015f bir s\u00fct \u00fcr\u00fcn\u00fcd\u00fcr. S\u00fct<br \/><a class=\"moretag\" href=\"http:\/\/aytekkundukgida.com\/index.php\/referanslar\/\">+ Read More<\/a><\/p>\n","protected":false},"author":1,"featured_media":0,"parent":0,"menu_order":0,"comment_status":"closed","ping_status":"closed","template":"templates\/page-fullwidth_template.php","meta":[],"_links":{"self":[{"href":"http:\/\/aytekkundukgida.com\/index.php\/wp-json\/wp\/v2\/pages\/255"}],"collection":[{"href":"http:\/\/aytekkundukgida.com\/index.php\/wp-json\/wp\/v2\/pages"}],"about":[{"href":"http:\/\/aytekkundukgida.com\/index.php\/wp-json\/wp\/v2\/types\/page"}],"author":[{"embeddable":true,"href":"http:\/\/aytekkundukgida.com\/index.php\/wp-json\/wp\/v2\/users\/1"}],"replies":[{"embeddable":true,"href":"http:\/\/aytekkundukgida.com\/index.php\/wp-json\/wp\/v2\/comments?post=255"}],"version-history":[{"count":8,"href":"http:\/\/aytekkundukgida.com\/index.php\/wp-json\/wp\/v2\/pages\/255\/revisions"}],"predecessor-version":[{"id":646,"href":"http:\/\/aytekkundukgida.com\/index.php\/wp-json\/wp\/v2\/pages\/255\/revisions\/646"}],"wp:attachment":[{"href":"http:\/\/aytekkundukgida.com\/index.php\/wp-json\/wp\/v2\/media?parent=255"}],"curies":[{"name":"wp","href":"https:\/\/api.w.org\/{rel}","templated":true}]}}