{"id":252,"date":"2019-01-17T22:35:30","date_gmt":"2019-01-17T19:35:30","guid":{"rendered":"http:\/\/aytekkundukgida.com\/demo\/demo\/?page_id=252"},"modified":"2024-10-20T22:03:49","modified_gmt":"2024-10-20T19:03:49","slug":"urunlerimiz","status":"publish","type":"page","link":"http:\/\/aytekkundukgida.com\/index.php\/urunlerimiz\/","title":{"rendered":"End\u00fcstriyel \u00dcr\u00fcnler"},"content":{"rendered":"<div id=\"pl-252\"  class=\"panel-layout\" ><div id=\"pg-252-0\"  class=\"panel-grid panel-has-style\" ><div class=\"panel-row-style panel-row-style-for-252-0\" ><div id=\"pgc-252-0-0\"  class=\"panel-grid-cell\" ><div id=\"panel-252-0-0-0\" class=\"so-panel widget widget_sow-editor panel-first-child panel-last-child\" data-index=\"0\" ><div class=\"so-widget-sow-editor so-widget-sow-editor-base\">\n<div class=\"siteorigin-widget-tinymce textwidget\">\n\t<div class=\"su-custom-gallery su-custom-gallery-title-always\"><div class=\"su-custom-gallery-slide\"><a href=\"http:\/\/aytekkundukgida.com\/index.php\/milkkar-yagli-sut-tozu\/\" title=\"Milkkar Ya\u011fl\u0131 S\u00fct Tozu\"><img src=\"http:\/\/aytekkundukgida.com\/wp-content\/uploads\/2024\/10\/milkar-250x300.jpg\" alt=\"Milkkar Ya\u011fl\u0131 S\u00fct Tozu\" width=\"250\" height=\"300\" \/><span class=\"su-custom-gallery-title\">Milkkar Ya\u011fl\u0131 S\u00fct Tozu<\/span><\/a><\/div><div class=\"su-custom-gallery-slide\"><a href=\"http:\/\/aytekkundukgida.com\/index.php\/sut-ciftligi-yagsiz-sut-tozu\/\" title=\"S\u00fct \u00c7iftli\u011fi S\u00fct Tozu\"><img src=\"http:\/\/aytekkundukgida.com\/wp-content\/uploads\/2024\/10\/sutcift-250x300.jpg\" alt=\"S\u00fct \u00c7iftli\u011fi S\u00fct Tozu\" width=\"250\" height=\"300\" \/><span class=\"su-custom-gallery-title\">S\u00fct \u00c7iftli\u011fi S\u00fct Tozu<\/span><\/a><\/div><div class=\"su-custom-gallery-slide\"><a href=\"http:\/\/aytekkundukgida.com\/index.php\/laktoz-monohidrat\/\" title=\"LAKTOZ MONOH\u0130DRAT 25 KG\"><img src=\"http:\/\/aytekkundukgida.com\/wp-content\/uploads\/2024\/10\/laktoz2-250x300.jpg\" alt=\"LAKTOZ MONOH\u0130DRAT 25 KG\" width=\"250\" height=\"300\" \/><span class=\"su-custom-gallery-title\">LAKTOZ MONOH\u0130DRAT 25 KG<\/span><\/a><\/div><div class=\"su-custom-gallery-slide\"><a href=\"http:\/\/aytekkundukgida.com\/index.php\/yogurt-tozu\/\" title=\"Yo\u011furt Tozu\"><img src=\"http:\/\/aytekkundukgida.com\/wp-content\/uploads\/2020\/10\/yogurttozu-250x300.jpg\" alt=\"Yo\u011furt Tozu\" width=\"250\" height=\"300\" \/><span class=\"su-custom-gallery-title\">Yo\u011furt Tozu<\/span><\/a><\/div><div class=\"su-custom-gallery-slide\"><a href=\"http:\/\/aytekkundukgida.com\/index.php\/yayikaltisuyu-tozu\/\" title=\"Yay\u0131kalt\u0131suyu Tozu\"><img src=\"http:\/\/aytekkundukgida.com\/wp-content\/uploads\/2020\/10\/yayikaltiyozu-250x300.jpg\" alt=\"Yay\u0131kalt\u0131suyu Tozu\" width=\"250\" height=\"300\" \/><span class=\"su-custom-gallery-title\">Yay\u0131kalt\u0131suyu Tozu<\/span><\/a><\/div><div class=\"su-custom-gallery-slide\"><a href=\"http:\/\/aytekkundukgida.com\/index.php\/yagsiz-sut-tozu\/\" title=\"Ya\u011fs\u0131z S\u00fct Tozu\"><img src=\"http:\/\/aytekkundukgida.com\/wp-content\/uploads\/2020\/10\/yagsizsuttozu-250x300.jpg\" alt=\"Ya\u011fs\u0131z S\u00fct Tozu\" width=\"250\" height=\"300\" \/><span class=\"su-custom-gallery-title\">Ya\u011fs\u0131z S\u00fct Tozu<\/span><\/a><\/div><div class=\"su-custom-gallery-slide\"><a href=\"http:\/\/aytekkundukgida.com\/index.php\/tam-yagli-sut-tozu\/\" title=\"Tam Ya\u011fl\u0131 S\u00fct Tozu\"><img src=\"http:\/\/aytekkundukgida.com\/wp-content\/uploads\/2020\/10\/yaglisuttozu-250x300.jpg\" alt=\"Tam Ya\u011fl\u0131 S\u00fct Tozu\" width=\"250\" height=\"300\" \/><span class=\"su-custom-gallery-title\">Tam Ya\u011fl\u0131 S\u00fct Tozu<\/span><\/a><\/div><div class=\"su-custom-gallery-slide\"><a href=\"http:\/\/aytekkundukgida.com\/index.php\/demineralize-peyniraltisuyu-tozu\/\" title=\"Demineralize Peyniralt\u0131suyu Tozu\"><img src=\"http:\/\/aytekkundukgida.com\/wp-content\/uploads\/2020\/10\/peynirtozuDTS-250x300.jpg\" alt=\"Demineralize Peyniralt\u0131suyu Tozu\" width=\"250\" height=\"300\" \/><span class=\"su-custom-gallery-title\">Demineralize Peyniralt\u0131suyu Tozu<\/span><\/a><\/div><div class=\"su-custom-gallery-slide\"><a href=\"http:\/\/aytekkundukgida.com\/index.php\/peynir-tozu\/\" title=\"Peynir Tozu\"><img src=\"http:\/\/aytekkundukgida.com\/wp-content\/uploads\/2020\/10\/peynirtozu-250x300.jpg\" alt=\"Peynir Tozu\" width=\"250\" height=\"300\" \/><span class=\"su-custom-gallery-title\">Peynir Tozu<\/span><\/a><\/div><div class=\"su-custom-gallery-slide\"><a href=\"http:\/\/aytekkundukgida.com\/index.php\/kazein\/\" title=\"Kazein\"><img src=\"http:\/\/aytekkundukgida.com\/wp-content\/uploads\/2020\/10\/kazein-250x300.jpg\" alt=\"Kazein\" width=\"250\" height=\"300\" \/><span class=\"su-custom-gallery-title\">Kazein<\/span><\/a><\/div><div class=\"su-custom-gallery-slide\"><a href=\"http:\/\/aytekkundukgida.com\/index.php\/domates-tozu\/\" title=\"Domates Tozu\"><img src=\"http:\/\/aytekkundukgida.com\/wp-content\/uploads\/2020\/10\/dmtz-250x300.jpg\" alt=\"Domates Tozu\" width=\"250\" height=\"300\" \/><span class=\"su-custom-gallery-title\">Domates Tozu<\/span><\/a><\/div><div class=\"su-custom-gallery-slide\"><a href=\"http:\/\/aytekkundukgida.com\/index.php\/649-2\/\" title=\"\u0130Z\u0130 S\u00fct Ya\u011fs\u0131z S\u00fct Tozu\"><img src=\"http:\/\/aytekkundukgida.com\/wp-content\/uploads\/2020\/11\/urun_47347b5e_big-250x300.jpg\" alt=\"\u0130Z\u0130 S\u00fct Ya\u011fs\u0131z S\u00fct Tozu\" width=\"250\" height=\"300\" \/><span class=\"su-custom-gallery-title\">\u0130Z\u0130 S\u00fct Ya\u011fs\u0131z S\u00fct Tozu<\/span><\/a><\/div><div class=\"su-custom-gallery-slide\"><a href=\"http:\/\/aytekkundukgida.com\/index.php\/aynes-skimmed-sut-tozu\/\" title=\"Aynes-Skimmed-Milk Powder-25kg\"><img src=\"http:\/\/aytekkundukgida.com\/wp-content\/uploads\/2020\/11\/Aynes-Skimmed-Milk-Powder-25kg-145x300-1-250x300.jpg\" alt=\"Aynes-Skimmed-Milk Powder-25kg\" width=\"250\" height=\"300\" \/><span class=\"su-custom-gallery-title\">Aynes-Skimmed-Milk Powder-25kg<\/span><\/a><\/div><div class=\"su-clear\"><\/div><\/div>\n<\/div>\n<\/div><\/div><\/div><\/div><\/div><\/div>","protected":false},"excerpt":{"rendered":"<p>Milkkar Ya\u011fl\u0131 S\u00fct TozuS\u00fct \u00c7iftli\u011fi S\u00fct TozuLAKTOZ MONOH\u0130DRAT 25 KGYo\u011furt TozuYay\u0131kalt\u0131suyu TozuYa\u011fs\u0131z S\u00fct TozuTam Ya\u011fl\u0131 S\u00fct TozuDemineralize Peyniralt\u0131suyu TozuPeynir TozuKazeinDomates Tozu\u0130Z\u0130 S\u00fct Ya\u011fs\u0131z S\u00fct TozuAynes-Skimmed-Milk Powder-25kg<\/p>\n","protected":false},"author":1,"featured_media":0,"parent":0,"menu_order":0,"comment_status":"closed","ping_status":"closed","template":"templates\/page-fullwidth_template.php","meta":[],"_links":{"self":[{"href":"http:\/\/aytekkundukgida.com\/index.php\/wp-json\/wp\/v2\/pages\/252"}],"collection":[{"href":"http:\/\/aytekkundukgida.com\/index.php\/wp-json\/wp\/v2\/pages"}],"about":[{"href":"http:\/\/aytekkundukgida.com\/index.php\/wp-json\/wp\/v2\/types\/page"}],"author":[{"embeddable":true,"href":"http:\/\/aytekkundukgida.com\/index.php\/wp-json\/wp\/v2\/users\/1"}],"replies":[{"embeddable":true,"href":"http:\/\/aytekkundukgida.com\/index.php\/wp-json\/wp\/v2\/comments?post=252"}],"version-history":[{"count":36,"href":"http:\/\/aytekkundukgida.com\/index.php\/wp-json\/wp\/v2\/pages\/252\/revisions"}],"predecessor-version":[{"id":700,"href":"http:\/\/aytekkundukgida.com\/index.php\/wp-json\/wp\/v2\/pages\/252\/revisions\/700"}],"wp:attachment":[{"href":"http:\/\/aytekkundukgida.com\/index.php\/wp-json\/wp\/v2\/media?parent=252"}],"curies":[{"name":"wp","href":"https:\/\/api.w.org\/{rel}","templated":true}]}}